{"id":949,"date":"2020-03-03T17:27:10","date_gmt":"2020-03-03T17:27:10","guid":{"rendered":"http:\/\/redactiondz.com\/fr\/?page_id=949"},"modified":"2020-03-05T21:36:14","modified_gmt":"2020-03-05T21:36:14","slug":"qui-sommes-nous","status":"publish","type":"page","link":"https:\/\/redactiondz.com\/fr\/qui-sommes-nous\/","title":{"rendered":"Qui Sommes-Nous"},"content":{"rendered":"\t\t<div data-elementor-type=\"wp-page\" data-elementor-id=\"949\" class=\"elementor elementor-949\" data-elementor-settings=\"[]\">\n\t\t\t<div class=\"elementor-inner\">\n\t\t\t\t<div class=\"elementor-section-wrap\">\n\t\t\t\t\t\t\t<section class=\"elementor-element elementor-element-b0f577 elementor-section-content-middle elementor-reverse-mobile elementor-reverse-tablet elementor-section-boxed elementor-section-height-default elementor-section-height-default elementor-section elementor-top-section\" data-id=\"b0f577\" data-element_type=\"section\" id=\"dental_about\" data-settings=\"{&quot;background_background&quot;:&quot;classic&quot;}\">\n\t\t\t\t\t\t<div class=\"elementor-container elementor-column-gap-default\">\n\t\t\t\t<div class=\"elementor-row\">\n\t\t\t\t<div class=\"elementor-element elementor-element-1af15d26 elementor-column elementor-col-50 elementor-top-column\" data-id=\"1af15d26\" data-element_type=\"column\">\n\t\t\t<div class=\"elementor-column-wrap  elementor-element-populated\">\n\t\t\t\t\t<div class=\"elementor-widget-wrap\">\n\t\t\t\t<div class=\"elementor-element elementor-element-453c8fb3 elementor-widget elementor-widget-image\" data-id=\"453c8fb3\" data-element_type=\"widget\" data-widget_type=\"image.default\">\n\t\t\t\t<div class=\"elementor-widget-container\">\n\t\t\t\t\t<div class=\"elementor-image\">\n\t\t\t\t\t\t\t\t\t\t<img width=\"1920\" height=\"1280\" src=\"https:\/\/redactiondz.com\/fr\/wp-content\/uploads\/sites\/2\/2020\/03\/laptop-3196481_1920.jpg\" class=\"attachment-full size-full\" alt=\"\" decoding=\"async\" loading=\"lazy\" srcset=\"https:\/\/redactiondz.com\/fr\/wp-content\/uploads\/sites\/2\/2020\/03\/laptop-3196481_1920.jpg 1920w, https:\/\/redactiondz.com\/fr\/wp-content\/uploads\/sites\/2\/2020\/03\/laptop-3196481_1920-300x200.jpg 300w, https:\/\/redactiondz.com\/fr\/wp-content\/uploads\/sites\/2\/2020\/03\/laptop-3196481_1920-1030x687.jpg 1030w, https:\/\/redactiondz.com\/fr\/wp-content\/uploads\/sites\/2\/2020\/03\/laptop-3196481_1920-768x512.jpg 768w, https:\/\/redactiondz.com\/fr\/wp-content\/uploads\/sites\/2\/2020\/03\/laptop-3196481_1920-1536x1024.jpg 1536w\" sizes=\"(max-width: 1920px) 100vw, 1920px\" \/>\t\t\t\t\t\t\t\t\t\t\t<\/div>\n\t\t\t\t<\/div>\n\t\t\t\t<\/div>\n\t\t\t\t\t\t<\/div>\n\t\t\t<\/div>\n\t\t<\/div>\n\t\t\t\t<div class=\"elementor-element elementor-element-7ac52c94 elementor-column elementor-col-50 elementor-top-column\" data-id=\"7ac52c94\" data-element_type=\"column\">\n\t\t\t<div class=\"elementor-column-wrap  elementor-element-populated\">\n\t\t\t\t\t<div class=\"elementor-widget-wrap\">\n\t\t\t\t<div class=\"elementor-element elementor-element-7a6427f elementor-widget elementor-widget-heading\" data-id=\"7a6427f\" data-element_type=\"widget\" data-widget_type=\"heading.default\">\n\t\t\t\t<div class=\"elementor-widget-container\">\n\t\t\t<h2 class=\"elementor-heading-title elementor-size-default\">Qui sommes-nous ? <\/h2>\t\t<\/div>\n\t\t\t\t<\/div>\n\t\t\t\t<div class=\"elementor-element elementor-element-5550f9b0 elementor-widget elementor-widget-heading\" data-id=\"5550f9b0\" data-element_type=\"widget\" data-widget_type=\"heading.default\">\n\t\t\t\t<div class=\"elementor-widget-container\">\n\t\t\t<h6 class=\"elementor-heading-title elementor-size-default\">Nous mettons \u00e0 votre disposition notre riche et longue exp\u00e9rience pour produire des r\u00e9dactions d\u2019une grande qualit\u00e9, en respectant les d\u00e9lais impartis.\n<\/h6>\t\t<\/div>\n\t\t\t\t<\/div>\n\t\t\t\t<div class=\"elementor-element elementor-element-10e80d2b elementor-widget elementor-widget-text-editor\" data-id=\"10e80d2b\" data-element_type=\"widget\" data-widget_type=\"text-editor.default\">\n\t\t\t\t<div class=\"elementor-widget-container\">\n\t\t\t\t\t<div class=\"elementor-text-editor elementor-clearfix\"><p><span style=\"font-weight: 400;\">Notre formation pluridisciplinaire en science juridique (droit) et administrative et dans le domaine de la traduction dans les deux langues arabe et fran\u00e7aise, nous a permis d <\/span>acqu\u00e9rir une grande et riche exp\u00e9rience en mati\u00e8re de\u00a0 r\u00e9daction juridique dans les 2 combinaisons de langues : arabe et fran\u00e7ais.\u00a0<\/p><p><span style=\"font-weight: 400;\">Ces exp\u00e9riences ont renforc\u00e9 chez nous un attrait tout particuli\u00e8rement pour les\u00a0relations humaines, l\u2019\u00e9coute, le conseil et l\u2019assistance en mati\u00e8re de r\u00e9daction et d\u2019\u00e9criture.<\/span><\/p><p><span style=\"font-weight: 400;\">C&rsquo;est ainsi que nous nous mettons \u00e0 votre service. Nous sommes \u00e0 votre \u00e9coute, nous vous conseillerons, nous vous accompagnerons, tout au long du processus de r\u00e9daction et d\u2019\u00e9criture.<\/span><\/p><\/div>\n\t\t\t\t<\/div>\n\t\t\t\t<\/div>\n\t\t\t\t<div class=\"elementor-element elementor-element-cad364e elementor-position-left elementor-vertical-align-top elementor-widget elementor-widget-image-box\" data-id=\"cad364e\" data-element_type=\"widget\" data-widget_type=\"image-box.default\">\n\t\t\t\t<div class=\"elementor-widget-container\">\n\t\t\t<div class=\"elementor-image-box-wrapper\"><div class=\"elementor-image-box-content\"><h5 class=\"elementor-image-box-title\">M. Salim Kecir<\/h5><p class=\"elementor-image-box-description\">R\u00e9daction DZ<\/p><\/div><\/div>\t\t<\/div>\n\t\t\t\t<\/div>\n\t\t\t\t\t\t<\/div>\n\t\t\t<\/div>\n\t\t<\/div>\n\t\t\t\t\t\t<\/div>\n\t\t\t<\/div>\n\t\t<\/section>\n\t\t\t\t<section class=\"elementor-element elementor-element-775bed1e elementor-section-boxed elementor-section-height-default elementor-section-height-default elementor-section elementor-top-section\" data-id=\"775bed1e\" data-element_type=\"section\" data-settings=\"{&quot;background_background&quot;:&quot;classic&quot;}\">\n\t\t\t\t\t\t\t<div class=\"elementor-background-overlay\"><\/div>\n\t\t\t\t\t\t\t<div class=\"elementor-container elementor-column-gap-default\">\n\t\t\t\t<div class=\"elementor-row\">\n\t\t\t\t<div class=\"elementor-element elementor-element-36d4b134 elementor-column elementor-col-100 elementor-top-column\" data-id=\"36d4b134\" data-element_type=\"column\" id=\"dental_reviews\">\n\t\t\t<div class=\"elementor-column-wrap  elementor-element-populated\">\n\t\t\t\t\t<div class=\"elementor-widget-wrap\">\n\t\t\t\t<div class=\"elementor-element elementor-element-265c549c elementor-widget elementor-widget-heading\" data-id=\"265c549c\" data-element_type=\"widget\" data-widget_type=\"heading.default\">\n\t\t\t\t<div class=\"elementor-widget-container\">\n\t\t\t<h2 class=\"elementor-heading-title elementor-size-default\">Confiez-Nous Vos Projets<\/h2>\t\t<\/div>\n\t\t\t\t<\/div>\n\t\t\t\t<div class=\"elementor-element elementor-element-5a8109c0 elementor-widget elementor-widget-heading\" data-id=\"5a8109c0\" data-element_type=\"widget\" data-widget_type=\"heading.default\">\n\t\t\t\t<div class=\"elementor-widget-container\">\n\t\t\t<h6 class=\"elementor-heading-title elementor-size-default\">Nous sommes votre partenaire privil\u00e9gi\u00e9 pour une r\u00e9daction efficace de qualit\u00e9.\n<\/h6>\t\t<\/div>\n\t\t\t\t<\/div>\n\t\t\t\t\t\t<\/div>\n\t\t\t<\/div>\n\t\t<\/div>\n\t\t\t\t\t\t<\/div>\n\t\t\t<\/div>\n\t\t<\/section>\n\t\t\t\t<section class=\"elementor-element elementor-element-44b1a35 elementor-section-boxed elementor-section-height-default elementor-section-height-default elementor-section elementor-top-section\" data-id=\"44b1a35\" data-element_type=\"section\" data-settings=\"{&quot;background_background&quot;:&quot;classic&quot;}\">\n\t\t\t\t\t\t<div class=\"elementor-container elementor-column-gap-default\">\n\t\t\t\t<div class=\"elementor-row\">\n\t\t\t\t<div class=\"elementor-element elementor-element-f5c39f8 elementor-column elementor-col-33 elementor-top-column\" data-id=\"f5c39f8\" data-element_type=\"column\">\n\t\t\t<div class=\"elementor-column-wrap  elementor-element-populated\">\n\t\t\t\t\t<div class=\"elementor-widget-wrap\">\n\t\t\t\t<div class=\"elementor-element elementor-element-3b5cbd3 elementor-view-default elementor-position-top elementor-vertical-align-top elementor-widget elementor-widget-icon-box\" data-id=\"3b5cbd3\" data-element_type=\"widget\" data-widget_type=\"icon-box.default\">\n\t\t\t\t<div class=\"elementor-widget-container\">\n\t\t\t\t\t<div class=\"elementor-icon-box-wrapper\">\n\t\t\t\t\t\t<div class=\"elementor-icon-box-icon\">\n\t\t\t\t<span class=\"elementor-icon elementor-animation-\" >\n\t\t\t\t<i aria-hidden=\"true\" class=\"fas fa-user-check\"><\/i>\t\t\t\t<\/span>\n\t\t\t<\/div>\n\t\t\t\t\t\t<div class=\"elementor-icon-box-content\">\n\t\t\t\t<h3 class=\"elementor-icon-box-title\">\n\t\t\t\t\t<span >Professionalisme<\/span>\n\t\t\t\t<\/h3>\n\t\t\t\t\t\t\t<\/div>\n\t\t<\/div>\n\t\t\t\t<\/div>\n\t\t\t\t<\/div>\n\t\t\t\t<div class=\"elementor-element elementor-element-a15548f elementor-widget elementor-widget-text-editor\" data-id=\"a15548f\" data-element_type=\"widget\" data-widget_type=\"text-editor.default\">\n\t\t\t\t<div class=\"elementor-widget-container\">\n\t\t\t\t\t<div class=\"elementor-text-editor elementor-clearfix\"><p><span style=\"font-weight: 400;\">Nous sommes \u00e0 votre \u00e9coute et nous vous prenons en charge sur le plan de l\u2019\u00e9crit destin\u00e9 aux diverses structures administrative, judiciaire, associative, acad\u00e9mique et universitaire, d\u2019embauche \u00e0 l\u2019\u00e9tranger\u2026etc. et sur celui de l\u2019accompagnement.<\/span><\/p><\/div>\n\t\t\t\t<\/div>\n\t\t\t\t<\/div>\n\t\t\t\t\t\t<\/div>\n\t\t\t<\/div>\n\t\t<\/div>\n\t\t\t\t<div class=\"elementor-element elementor-element-c9b2faf elementor-column elementor-col-33 elementor-top-column\" data-id=\"c9b2faf\" data-element_type=\"column\">\n\t\t\t<div class=\"elementor-column-wrap  elementor-element-populated\">\n\t\t\t\t\t<div class=\"elementor-widget-wrap\">\n\t\t\t\t<div class=\"elementor-element elementor-element-b2fd207 elementor-view-default elementor-position-top elementor-vertical-align-top elementor-widget elementor-widget-icon-box\" data-id=\"b2fd207\" data-element_type=\"widget\" data-widget_type=\"icon-box.default\">\n\t\t\t\t<div class=\"elementor-widget-container\">\n\t\t\t\t\t<div class=\"elementor-icon-box-wrapper\">\n\t\t\t\t\t\t<div class=\"elementor-icon-box-icon\">\n\t\t\t\t<span class=\"elementor-icon elementor-animation-\" >\n\t\t\t\t<i aria-hidden=\"true\" class=\"fas fa-file-alt\"><\/i>\t\t\t\t<\/span>\n\t\t\t<\/div>\n\t\t\t\t\t\t<div class=\"elementor-icon-box-content\">\n\t\t\t\t<h3 class=\"elementor-icon-box-title\">\n\t\t\t\t\t<span >Comp\u00e9tences Multiples<\/span>\n\t\t\t\t<\/h3>\n\t\t\t\t\t\t\t<\/div>\n\t\t<\/div>\n\t\t\t\t<\/div>\n\t\t\t\t<\/div>\n\t\t\t\t<div class=\"elementor-element elementor-element-2a1633a elementor-widget elementor-widget-text-editor\" data-id=\"2a1633a\" data-element_type=\"widget\" data-widget_type=\"text-editor.default\">\n\t\t\t\t<div class=\"elementor-widget-container\">\n\t\t\t\t\t<div class=\"elementor-text-editor elementor-clearfix\"><p><span style=\"font-weight: 400;\">Notre mission exige des qualit\u00e9s professionnelles et un savoir-\u00eatre sp\u00e9cifique :<\/span><span style=\"font-weight: 400;\"><br \/><\/span><span style=\"font-weight: 400;\">\u2013 une capacit\u00e9 d\u2019\u00e9coute, de compr\u00e9hension et d\u2019analyse,<\/span><span style=\"font-weight: 400;\"><br \/><\/span><span style=\"font-weight: 400;\">\u2013 une capacit\u00e9 d\u2019adaptation,<\/span><span style=\"font-weight: 400;\"><br \/><\/span><span style=\"font-weight: 400;\">\u2013 des connaissances juridiques et de l\u2019environnement administratif,<\/span><span style=\"font-weight: 400;\"><br \/><\/span><span style=\"font-weight: 400;\">\u2013 des qualit\u00e9s r\u00e9dactionnelles,<\/span><span style=\"font-weight: 400;\"><br \/><\/span><span style=\"font-weight: 400;\">\u2013 une comp\u00e9tence linguistique en arabe et fran\u00e7ais,<\/span><span style=\"font-weight: 400;\"><br \/><\/span><span style=\"font-weight: 400;\">\u2013 neutralit\u00e9 et respect de la confidentialit\u00e9.<\/span><\/p><\/div>\n\t\t\t\t<\/div>\n\t\t\t\t<\/div>\n\t\t\t\t\t\t<\/div>\n\t\t\t<\/div>\n\t\t<\/div>\n\t\t\t\t<div class=\"elementor-element elementor-element-57fac6f elementor-column elementor-col-33 elementor-top-column\" data-id=\"57fac6f\" data-element_type=\"column\">\n\t\t\t<div class=\"elementor-column-wrap  elementor-element-populated\">\n\t\t\t\t\t<div class=\"elementor-widget-wrap\">\n\t\t\t\t<div class=\"elementor-element elementor-element-81987d0 elementor-view-default elementor-position-top elementor-vertical-align-top elementor-widget elementor-widget-icon-box\" data-id=\"81987d0\" data-element_type=\"widget\" data-widget_type=\"icon-box.default\">\n\t\t\t\t<div class=\"elementor-widget-container\">\n\t\t\t\t\t<div class=\"elementor-icon-box-wrapper\">\n\t\t\t\t\t\t<div class=\"elementor-icon-box-icon\">\n\t\t\t\t<span class=\"elementor-icon elementor-animation-\" >\n\t\t\t\t<i aria-hidden=\"true\" class=\"fas fa-door-open\"><\/i>\t\t\t\t<\/span>\n\t\t\t<\/div>\n\t\t\t\t\t\t<div class=\"elementor-icon-box-content\">\n\t\t\t\t<h3 class=\"elementor-icon-box-title\">\n\t\t\t\t\t<span >Acteur de proximit\u00e9<\/span>\n\t\t\t\t<\/h3>\n\t\t\t\t\t\t\t\t<p class=\"elementor-icon-box-description\">Nous somme \u00e0 votre disposition. Vous pouvez nous contactez par t\u00e9l\u00e9phone ou par internet et nous vous r\u00e9pondrons dans moins de 24h<\/p>\n\t\t\t\t\t\t\t<\/div>\n\t\t<\/div>\n\t\t\t\t<\/div>\n\t\t\t\t<\/div>\n\t\t\t\t\t\t<\/div>\n\t\t\t<\/div>\n\t\t<\/div>\n\t\t\t\t\t\t<\/div>\n\t\t\t<\/div>\n\t\t<\/section>\n\t\t\t\t\t\t<\/div>\n\t\t\t<\/div>\n\t\t<\/div>\n\t\t","protected":false},"excerpt":{"rendered":"<p>Qui sommes-nous ? Nous mettons \u00e0 votre disposition notre riche et longue exp\u00e9rience pour produire des r\u00e9dactions d\u2019une grande qualit\u00e9, en respectant les d\u00e9lais impartis. Notre formation pluridisciplinaire en science juridique (droit) et administrative et dans le domaine de la traduction dans les deux langues arabe et fran\u00e7aise, nous a permis d acqu\u00e9rir une grande &hellip;<\/p>\n<p class=\"read-more\"> <a class=\"\" href=\"https:\/\/redactiondz.com\/fr\/qui-sommes-nous\/\"> <span class=\"screen-reader-text\">Qui Sommes-Nous<\/span> Lire la suite\u00a0\u00bb<\/a><\/p>\n","protected":false},"author":1,"featured_media":0,"parent":0,"menu_order":0,"comment_status":"closed","ping_status":"closed","template":"","meta":{"site-sidebar-layout":"no-sidebar","site-content-layout":"page-builder","ast-global-header-display":"","ast-main-header-display":"","ast-hfb-above-header-display":"","ast-hfb-below-header-display":"","ast-hfb-mobile-header-display":"","site-post-title":"disabled","ast-breadcrumbs-content":"","ast-featured-img":"disabled","footer-sml-layout":"","theme-transparent-header-meta":"default","adv-header-id-meta":"","stick-header-meta":"","header-above-stick-meta":"","header-main-stick-meta":"","header-below-stick-meta":""},"_links":{"self":[{"href":"https:\/\/redactiondz.com\/fr\/wp-json\/wp\/v2\/pages\/949"}],"collection":[{"href":"https:\/\/redactiondz.com\/fr\/wp-json\/wp\/v2\/pages"}],"about":[{"href":"https:\/\/redactiondz.com\/fr\/wp-json\/wp\/v2\/types\/page"}],"author":[{"embeddable":true,"href":"https:\/\/redactiondz.com\/fr\/wp-json\/wp\/v2\/users\/1"}],"replies":[{"embeddable":true,"href":"https:\/\/redactiondz.com\/fr\/wp-json\/wp\/v2\/comments?post=949"}],"version-history":[{"count":12,"href":"https:\/\/redactiondz.com\/fr\/wp-json\/wp\/v2\/pages\/949\/revisions"}],"predecessor-version":[{"id":1044,"href":"https:\/\/redactiondz.com\/fr\/wp-json\/wp\/v2\/pages\/949\/revisions\/1044"}],"wp:attachment":[{"href":"https:\/\/redactiondz.com\/fr\/wp-json\/wp\/v2\/media?parent=949"}],"curies":[{"name":"wp","href":"https:\/\/api.w.org\/{rel}","templated":true}]}}