{"id":953,"date":"2020-03-03T17:30:11","date_gmt":"2020-03-03T17:30:11","guid":{"rendered":"http:\/\/redactiondz.com\/fr\/?page_id=953"},"modified":"2025-11-25T12:09:03","modified_gmt":"2025-11-25T12:09:03","slug":"tarifs","status":"publish","type":"page","link":"https:\/\/redactiondz.com\/fr\/tarifs\/","title":{"rendered":"Tarifs"},"content":{"rendered":"\t\t<div data-elementor-type=\"wp-page\" data-elementor-id=\"953\" class=\"elementor elementor-953\" data-elementor-settings=\"[]\">\n\t\t\t<div class=\"elementor-inner\">\n\t\t\t\t<div class=\"elementor-section-wrap\">\n\t\t\t\t\t\t\t<section class=\"elementor-element elementor-element-507f5011 elementor-section-content-middle elementor-reverse-mobile elementor-reverse-tablet elementor-section-boxed elementor-section-height-default elementor-section-height-default elementor-section elementor-top-section\" data-id=\"507f5011\" data-element_type=\"section\" id=\"dental_about\" data-settings=\"{&quot;background_background&quot;:&quot;classic&quot;}\">\n\t\t\t\t\t\t<div class=\"elementor-container elementor-column-gap-default\">\n\t\t\t\t<div class=\"elementor-row\">\n\t\t\t\t<div class=\"elementor-element elementor-element-6025dc52 elementor-column elementor-col-100 elementor-top-column\" data-id=\"6025dc52\" data-element_type=\"column\">\n\t\t\t<div class=\"elementor-column-wrap  elementor-element-populated\">\n\t\t\t\t\t<div class=\"elementor-widget-wrap\">\n\t\t\t\t<div class=\"elementor-element elementor-element-18361715 elementor-widget elementor-widget-heading\" data-id=\"18361715\" data-element_type=\"widget\" data-widget_type=\"heading.default\">\n\t\t\t\t<div class=\"elementor-widget-container\">\n\t\t\t<h2 class=\"elementor-heading-title elementor-size-default\">Nos Tarifs <\/h2>\t\t<\/div>\n\t\t\t\t<\/div>\n\t\t\t\t<div class=\"elementor-element elementor-element-7d2e2e00 elementor-widget elementor-widget-text-editor\" data-id=\"7d2e2e00\" data-element_type=\"widget\" data-widget_type=\"text-editor.default\">\n\t\t\t\t<div class=\"elementor-widget-container\">\n\t\t\t\t\t<div class=\"elementor-text-editor elementor-clearfix\"><p><span style=\"font-weight: 400;\">Les tarifs indiqu\u00e9s pour chaque prestation ne le sont qu&rsquo;\u00e0 titre indicatif.\u00a0<\/span><span style=\"font-weight: 400;\"><br \/><\/span><span style=\"font-weight: 400;\">La m\u00eame prestation varie d\u2019un besoin \u00e0 l\u2019autre. Chacun est diff\u00e9rent et peut donc faire l&rsquo;objet d\u2019un devis personnalis\u00e9.<\/span><\/p><p><span style=\"font-weight: 400;\">Les tarifs diff\u00e8rent \u00e9galement en fonction de l\u2019importance du travail demand\u00e9 : simple relecture, correction, r\u00e9\u00e9criture, conseil.<\/span><\/p><p><span style=\"font-weight: 400;\">Un forfait d\u00e9gressif est appliqu\u00e9 en fonction du volume.<\/span><\/p><p><span style=\"font-weight: 400;\">Ainsi, voici quelques tarifs \u00e0 titre indicatif appliqu\u00e9s \u00e0 certaines r\u00e9dactions :<\/span><span style=\"font-weight: 400;\"><br \/><\/span><\/p><\/div>\n\t\t\t\t<\/div>\n\t\t\t\t<\/div>\n\t\t\t\t\t\t<\/div>\n\t\t\t<\/div>\n\t\t<\/div>\n\t\t\t\t\t\t<\/div>\n\t\t\t<\/div>\n\t\t<\/section>\n\t\t\t\t<section class=\"elementor-element elementor-element-171d4fd9 elementor-section-boxed elementor-section-height-default elementor-section-height-default elementor-section elementor-top-section\" data-id=\"171d4fd9\" data-element_type=\"section\" data-settings=\"{&quot;background_background&quot;:&quot;classic&quot;}\">\n\t\t\t\t\t\t<div class=\"elementor-container elementor-column-gap-default\">\n\t\t\t\t<div class=\"elementor-row\">\n\t\t\t\t<div class=\"elementor-element elementor-element-1e1598a0 elementor-column elementor-col-20 elementor-top-column\" data-id=\"1e1598a0\" data-element_type=\"column\">\n\t\t\t<div class=\"elementor-column-wrap  elementor-element-populated\">\n\t\t\t\t\t<div class=\"elementor-widget-wrap\">\n\t\t\t\t<div class=\"elementor-element elementor-element-5e1ffd05 elementor-position-top elementor-vertical-align-top elementor-widget elementor-widget-image-box\" data-id=\"5e1ffd05\" data-element_type=\"widget\" data-widget_type=\"image-box.default\">\n\t\t\t\t<div class=\"elementor-widget-container\">\n\t\t\t<div class=\"elementor-image-box-wrapper\"><div class=\"elementor-image-box-content\"><h5 class=\"elementor-image-box-title\">700 DA<\/h5><p class=\"elementor-image-box-description\">Courrier personnel et correspondance priv\u00e9e<\/p><\/div><\/div>\t\t<\/div>\n\t\t\t\t<\/div>\n\t\t\t\t\t\t<\/div>\n\t\t\t<\/div>\n\t\t<\/div>\n\t\t\t\t<div class=\"elementor-element elementor-element-4ea5a066 elementor-column elementor-col-20 elementor-top-column\" data-id=\"4ea5a066\" data-element_type=\"column\">\n\t\t\t<div class=\"elementor-column-wrap  elementor-element-populated\">\n\t\t\t\t\t<div class=\"elementor-widget-wrap\">\n\t\t\t\t<div class=\"elementor-element elementor-element-41c5a18d elementor-position-top elementor-vertical-align-top elementor-widget elementor-widget-image-box\" data-id=\"41c5a18d\" data-element_type=\"widget\" data-widget_type=\"image-box.default\">\n\t\t\t\t<div class=\"elementor-widget-container\">\n\t\t\t<div class=\"elementor-image-box-wrapper\"><div class=\"elementor-image-box-content\"><h5 class=\"elementor-image-box-title\">800 DA<\/h5><p class=\"elementor-image-box-description\">Courrier administratif et judiciaire<\/p><\/div><\/div>\t\t<\/div>\n\t\t\t\t<\/div>\n\t\t\t\t\t\t<\/div>\n\t\t\t<\/div>\n\t\t<\/div>\n\t\t\t\t<div class=\"elementor-element elementor-element-ba1c180 elementor-column elementor-col-20 elementor-top-column\" data-id=\"ba1c180\" data-element_type=\"column\">\n\t\t\t<div class=\"elementor-column-wrap  elementor-element-populated\">\n\t\t\t\t\t<div class=\"elementor-widget-wrap\">\n\t\t\t\t<div class=\"elementor-element elementor-element-3b5dbca elementor-position-top elementor-vertical-align-top elementor-widget elementor-widget-image-box\" data-id=\"3b5dbca\" data-element_type=\"widget\" data-widget_type=\"image-box.default\">\n\t\t\t\t<div class=\"elementor-widget-container\">\n\t\t\t<div class=\"elementor-image-box-wrapper\"><div class=\"elementor-image-box-content\"><h5 class=\"elementor-image-box-title\">600 DA <\/h5><p class=\"elementor-image-box-description\">R\u00e9daction de CV (Curriculm Vitae)<\/p><\/div><\/div>\t\t<\/div>\n\t\t\t\t<\/div>\n\t\t\t\t\t\t<\/div>\n\t\t\t<\/div>\n\t\t<\/div>\n\t\t\t\t<div class=\"elementor-element elementor-element-327d91f2 elementor-column elementor-col-20 elementor-top-column\" data-id=\"327d91f2\" data-element_type=\"column\">\n\t\t\t<div class=\"elementor-column-wrap  elementor-element-populated\">\n\t\t\t\t\t<div class=\"elementor-widget-wrap\">\n\t\t\t\t<div class=\"elementor-element elementor-element-5f869f7e elementor-position-top elementor-vertical-align-top elementor-widget elementor-widget-image-box\" data-id=\"5f869f7e\" data-element_type=\"widget\" data-widget_type=\"image-box.default\">\n\t\t\t\t<div class=\"elementor-widget-container\">\n\t\t\t<div class=\"elementor-image-box-wrapper\"><div class=\"elementor-image-box-content\"><h5 class=\"elementor-image-box-title\">800 DA<\/h5><p class=\"elementor-image-box-description\">R\u00e9daction de lettre de motivation<\/p><\/div><\/div>\t\t<\/div>\n\t\t\t\t<\/div>\n\t\t\t\t\t\t<\/div>\n\t\t\t<\/div>\n\t\t<\/div>\n\t\t\t\t<div class=\"elementor-element elementor-element-797c45fb elementor-column elementor-col-20 elementor-top-column\" data-id=\"797c45fb\" data-element_type=\"column\">\n\t\t\t<div class=\"elementor-column-wrap  elementor-element-populated\">\n\t\t\t\t\t<div class=\"elementor-widget-wrap\">\n\t\t\t\t<div class=\"elementor-element elementor-element-69803b7 elementor-position-top elementor-vertical-align-top elementor-widget elementor-widget-image-box\" data-id=\"69803b7\" data-element_type=\"widget\" data-widget_type=\"image-box.default\">\n\t\t\t\t<div class=\"elementor-widget-container\">\n\t\t\t<div class=\"elementor-image-box-wrapper\"><div class=\"elementor-image-box-content\"><h5 class=\"elementor-image-box-title\">100 DA \/ Page <\/h5><p class=\"elementor-image-box-description\">Relecture, correction, r\u00e9\u00e9criture<\/p><\/div><\/div>\t\t<\/div>\n\t\t\t\t<\/div>\n\t\t\t\t\t\t<\/div>\n\t\t\t<\/div>\n\t\t<\/div>\n\t\t\t\t\t\t<\/div>\n\t\t\t<\/div>\n\t\t<\/section>\n\t\t\t\t<section class=\"elementor-element elementor-element-158d197c elementor-section-content-middle elementor-section-boxed elementor-section-height-default elementor-section-height-default elementor-section elementor-top-section\" data-id=\"158d197c\" data-element_type=\"section\" data-settings=\"{&quot;background_background&quot;:&quot;classic&quot;}\">\n\t\t\t\t\t\t<div class=\"elementor-container elementor-column-gap-default\">\n\t\t\t\t<div class=\"elementor-row\">\n\t\t\t\t<div class=\"elementor-element elementor-element-195ce9 elementor-column elementor-col-33 elementor-top-column\" data-id=\"195ce9\" data-element_type=\"column\">\n\t\t\t<div class=\"elementor-column-wrap  elementor-element-populated\">\n\t\t\t\t\t<div class=\"elementor-widget-wrap\">\n\t\t\t\t<div class=\"elementor-element elementor-element-204f42fc elementor-widget elementor-widget-heading\" data-id=\"204f42fc\" data-element_type=\"widget\" data-widget_type=\"heading.default\">\n\t\t\t\t<div class=\"elementor-widget-container\">\n\t\t\t<h6 class=\"elementor-heading-title elementor-size-default\">Confiez-Nous Votre Projet de R\u00e9daction <\/h6>\t\t<\/div>\n\t\t\t\t<\/div>\n\t\t\t\t<div class=\"elementor-element elementor-element-496c1606 elementor-widget elementor-widget-heading\" data-id=\"496c1606\" data-element_type=\"widget\" data-widget_type=\"heading.default\">\n\t\t\t\t<div class=\"elementor-widget-container\">\n\t\t\t<h2 class=\"elementor-heading-title elementor-size-default\">Obtenez Votre Devis Gratuit<\/h2>\t\t<\/div>\n\t\t\t\t<\/div>\n\t\t\t\t\t\t<\/div>\n\t\t\t<\/div>\n\t\t<\/div>\n\t\t\t\t<div class=\"elementor-element elementor-element-d970876 elementor-column elementor-col-33 elementor-top-column\" data-id=\"d970876\" data-element_type=\"column\">\n\t\t\t<div class=\"elementor-column-wrap\">\n\t\t\t\t\t<div class=\"elementor-widget-wrap\">\n\t\t\t\t\t\t<\/div>\n\t\t\t<\/div>\n\t\t<\/div>\n\t\t\t\t<div class=\"elementor-element elementor-element-5e7b524b elementor-column elementor-col-33 elementor-top-column\" data-id=\"5e7b524b\" data-element_type=\"column\">\n\t\t\t<div class=\"elementor-column-wrap  elementor-element-populated\">\n\t\t\t\t\t<div class=\"elementor-widget-wrap\">\n\t\t\t\t<div class=\"elementor-element elementor-element-6a897cd8 elementor-align-center elementor-widget elementor-widget-button\" data-id=\"6a897cd8\" data-element_type=\"widget\" data-widget_type=\"button.default\">\n\t\t\t\t<div class=\"elementor-widget-container\">\n\t\t\t\t\t<div class=\"elementor-button-wrapper\">\n\t\t\t<a href=\"#\" class=\"elementor-button-link elementor-button elementor-size-md\" role=\"button\">\n\t\t\t\t\t\t<span class=\"elementor-button-content-wrapper\">\n\t\t\t\t\t\t<span class=\"elementor-button-text\">Appelez-Nous: 05 42 48 79 31<\/span>\n\t\t<\/span>\n\t\t\t\t\t<\/a>\n\t\t<\/div>\n\t\t\t\t<\/div>\n\t\t\t\t<\/div>\n\t\t\t\t\t\t<\/div>\n\t\t\t<\/div>\n\t\t<\/div>\n\t\t\t\t\t\t<\/div>\n\t\t\t<\/div>\n\t\t<\/section>\n\t\t\t\t\t\t<\/div>\n\t\t\t<\/div>\n\t\t<\/div>\n\t\t","protected":false},"excerpt":{"rendered":"<p>Nos Tarifs Les tarifs indiqu\u00e9s pour chaque prestation ne le sont qu&rsquo;\u00e0 titre indicatif.\u00a0La m\u00eame prestation varie d\u2019un besoin \u00e0 l\u2019autre. Chacun est diff\u00e9rent et peut donc faire l&rsquo;objet d\u2019un devis personnalis\u00e9. Les tarifs diff\u00e8rent \u00e9galement en fonction de l\u2019importance du travail demand\u00e9 : simple relecture, correction, r\u00e9\u00e9criture, conseil. Un forfait d\u00e9gressif est appliqu\u00e9 en &hellip;<\/p>\n<p class=\"read-more\"> <a class=\"\" href=\"https:\/\/redactiondz.com\/fr\/tarifs\/\"> <span class=\"screen-reader-text\">Tarifs<\/span> Lire la suite\u00a0\u00bb<\/a><\/p>\n","protected":false},"author":1,"featured_media":0,"parent":0,"menu_order":0,"comment_status":"closed","ping_status":"closed","template":"","meta":{"site-sidebar-layout":"no-sidebar","site-content-layout":"page-builder","ast-global-header-display":"","ast-main-header-display":"","ast-hfb-above-header-display":"","ast-hfb-below-header-display":"","ast-hfb-mobile-header-display":"","site-post-title":"disabled","ast-breadcrumbs-content":"","ast-featured-img":"disabled","footer-sml-layout":"","theme-transparent-header-meta":"default","adv-header-id-meta":"","stick-header-meta":"","header-above-stick-meta":"","header-main-stick-meta":"","header-below-stick-meta":""},"_links":{"self":[{"href":"https:\/\/redactiondz.com\/fr\/wp-json\/wp\/v2\/pages\/953"}],"collection":[{"href":"https:\/\/redactiondz.com\/fr\/wp-json\/wp\/v2\/pages"}],"about":[{"href":"https:\/\/redactiondz.com\/fr\/wp-json\/wp\/v2\/types\/page"}],"author":[{"embeddable":true,"href":"https:\/\/redactiondz.com\/fr\/wp-json\/wp\/v2\/users\/1"}],"replies":[{"embeddable":true,"href":"https:\/\/redactiondz.com\/fr\/wp-json\/wp\/v2\/comments?post=953"}],"version-history":[{"count":7,"href":"https:\/\/redactiondz.com\/fr\/wp-json\/wp\/v2\/pages\/953\/revisions"}],"predecessor-version":[{"id":1071,"href":"https:\/\/redactiondz.com\/fr\/wp-json\/wp\/v2\/pages\/953\/revisions\/1071"}],"wp:attachment":[{"href":"https:\/\/redactiondz.com\/fr\/wp-json\/wp\/v2\/media?parent=953"}],"curies":[{"name":"wp","href":"https:\/\/api.w.org\/{rel}","templated":true}]}}