{"id":961,"date":"2020-03-03T17:40:58","date_gmt":"2020-03-03T17:40:58","guid":{"rendered":"http:\/\/redactiondz.com\/fr\/?page_id=961"},"modified":"2025-11-25T11:58:08","modified_gmt":"2025-11-25T11:58:08","slug":"contact","status":"publish","type":"page","link":"https:\/\/redactiondz.com\/fr\/contact\/","title":{"rendered":"Contact"},"content":{"rendered":"\t\t<div data-elementor-type=\"wp-page\" data-elementor-id=\"961\" class=\"elementor elementor-961\" data-elementor-settings=\"[]\">\n\t\t\t<div class=\"elementor-inner\">\n\t\t\t\t<div class=\"elementor-section-wrap\">\n\t\t\t\t\t\t\t<section class=\"elementor-element elementor-element-4c91fce4 elementor-section-boxed elementor-section-height-default elementor-section-height-default elementor-section elementor-top-section\" data-id=\"4c91fce4\" data-element_type=\"section\" id=\"dental_contact_us\" data-settings=\"{&quot;background_background&quot;:&quot;classic&quot;}\">\n\t\t\t\t\t\t\t<div class=\"elementor-background-overlay\"><\/div>\n\t\t\t\t\t\t\t<div class=\"elementor-container elementor-column-gap-default\">\n\t\t\t\t<div class=\"elementor-row\">\n\t\t\t\t<div class=\"elementor-element elementor-element-c25ee4b elementor-column elementor-col-100 elementor-top-column\" data-id=\"c25ee4b\" data-element_type=\"column\" id=\"dental_reviews\">\n\t\t\t<div class=\"elementor-column-wrap  elementor-element-populated\">\n\t\t\t\t\t<div class=\"elementor-widget-wrap\">\n\t\t\t\t<div class=\"elementor-element elementor-element-7995e6cc elementor-widget elementor-widget-heading\" data-id=\"7995e6cc\" data-element_type=\"widget\" data-widget_type=\"heading.default\">\n\t\t\t\t<div class=\"elementor-widget-container\">\n\t\t\t<h2 class=\"elementor-heading-title elementor-size-default\">Contactez-Nous <\/h2>\t\t<\/div>\n\t\t\t\t<\/div>\n\t\t\t\t<div class=\"elementor-element elementor-element-1f37641 elementor-widget elementor-widget-heading\" data-id=\"1f37641\" data-element_type=\"widget\" data-widget_type=\"heading.default\">\n\t\t\t\t<div class=\"elementor-widget-container\">\n\t\t\t<h6 class=\"elementor-heading-title elementor-size-default\">Vous souhaitez faire r\u00e9diger un courrier, une lettre, une correspondance, un recours, une requ\u00eate, un CV, une lettre de motivation, un projet de recherche\u2026etc., veuillez nous contacter par email ou par t\u00e9l\u00e9phone.            Nous somme \u00e0 votre enti\u00e8re disposition.<\/h6>\t\t<\/div>\n\t\t\t\t<\/div>\n\t\t\t\t\t\t<\/div>\n\t\t\t<\/div>\n\t\t<\/div>\n\t\t\t\t\t\t<\/div>\n\t\t\t<\/div>\n\t\t<\/section>\n\t\t\t\t<section class=\"elementor-element elementor-element-616e569a elementor-section-boxed elementor-section-height-default elementor-section-height-default elementor-section elementor-top-section\" data-id=\"616e569a\" data-element_type=\"section\" id=\"dental_contact_details\" data-settings=\"{&quot;background_background&quot;:&quot;classic&quot;}\">\n\t\t\t\t\t\t<div class=\"elementor-container elementor-column-gap-default\">\n\t\t\t\t<div class=\"elementor-row\">\n\t\t\t\t<div class=\"elementor-element elementor-element-3e234546 elementor-column elementor-col-33 elementor-top-column\" data-id=\"3e234546\" data-element_type=\"column\">\n\t\t\t<div class=\"elementor-column-wrap  elementor-element-populated\">\n\t\t\t\t\t<div class=\"elementor-widget-wrap\">\n\t\t\t\t<div class=\"elementor-element elementor-element-2fa3ec5 elementor-position-top elementor-vertical-align-top elementor-widget elementor-widget-image-box\" data-id=\"2fa3ec5\" data-element_type=\"widget\" data-widget_type=\"image-box.default\">\n\t\t\t\t<div class=\"elementor-widget-container\">\n\t\t\t<div class=\"elementor-image-box-wrapper\"><figure class=\"elementor-image-box-img\"><img width=\"52\" height=\"52\" src=\"https:\/\/redactiondz.com\/fr\/wp-content\/uploads\/sites\/2\/2017\/08\/phone.png\" class=\"attachment-full size-full\" alt=\"\" decoding=\"async\" loading=\"lazy\" \/><\/figure><div class=\"elementor-image-box-content\"><p class=\"elementor-image-box-description\">05 42 48 79 31<\/p><\/div><\/div>\t\t<\/div>\n\t\t\t\t<\/div>\n\t\t\t\t\t\t<\/div>\n\t\t\t<\/div>\n\t\t<\/div>\n\t\t\t\t<div class=\"elementor-element elementor-element-790b06ec elementor-column elementor-col-33 elementor-top-column\" data-id=\"790b06ec\" data-element_type=\"column\">\n\t\t\t<div class=\"elementor-column-wrap  elementor-element-populated\">\n\t\t\t\t\t<div class=\"elementor-widget-wrap\">\n\t\t\t\t<div class=\"elementor-element elementor-element-2a2ce27e elementor-position-top elementor-vertical-align-top elementor-widget elementor-widget-image-box\" data-id=\"2a2ce27e\" data-element_type=\"widget\" data-widget_type=\"image-box.default\">\n\t\t\t\t<div class=\"elementor-widget-container\">\n\t\t\t<div class=\"elementor-image-box-wrapper\"><figure class=\"elementor-image-box-img\"><img width=\"52\" height=\"52\" src=\"https:\/\/redactiondz.com\/fr\/wp-content\/uploads\/sites\/2\/2017\/08\/email.png\" class=\"attachment-full size-full\" alt=\"Envelop\" decoding=\"async\" loading=\"lazy\" \/><\/figure><div class=\"elementor-image-box-content\"><p class=\"elementor-image-box-description\">contact@redactiondz.com<\/p><\/div><\/div>\t\t<\/div>\n\t\t\t\t<\/div>\n\t\t\t\t\t\t<\/div>\n\t\t\t<\/div>\n\t\t<\/div>\n\t\t\t\t<div class=\"elementor-element elementor-element-737f40dd elementor-column elementor-col-33 elementor-top-column\" data-id=\"737f40dd\" data-element_type=\"column\">\n\t\t\t<div class=\"elementor-column-wrap  elementor-element-populated\">\n\t\t\t\t\t<div class=\"elementor-widget-wrap\">\n\t\t\t\t<div class=\"elementor-element elementor-element-5dbd68d7 elementor-position-top elementor-vertical-align-top elementor-widget elementor-widget-image-box\" data-id=\"5dbd68d7\" data-element_type=\"widget\" data-widget_type=\"image-box.default\">\n\t\t\t\t<div class=\"elementor-widget-container\">\n\t\t\t<div class=\"elementor-image-box-wrapper\"><figure class=\"elementor-image-box-img\"><img width=\"52\" height=\"52\" src=\"https:\/\/redactiondz.com\/fr\/wp-content\/uploads\/sites\/2\/2017\/08\/map.png\" class=\"attachment-full size-full\" alt=\"\" decoding=\"async\" loading=\"lazy\" \/><\/figure><div class=\"elementor-image-box-content\"><p class=\"elementor-image-box-description\">Ighzer Amokrane, B\u00e9ja\u00efa 06231<\/p><\/div><\/div>\t\t<\/div>\n\t\t\t\t<\/div>\n\t\t\t\t\t\t<\/div>\n\t\t\t<\/div>\n\t\t<\/div>\n\t\t\t\t\t\t<\/div>\n\t\t\t<\/div>\n\t\t<\/section>\n\t\t\t\t\t\t<\/div>\n\t\t\t<\/div>\n\t\t<\/div>\n\t\t","protected":false},"excerpt":{"rendered":"<p>Contactez-Nous Vous souhaitez faire r\u00e9diger un courrier, une lettre, une correspondance, un recours, une requ\u00eate, un CV, une lettre de motivation, un projet de recherche\u2026etc., veuillez nous contacter par email ou par t\u00e9l\u00e9phone. Nous somme \u00e0 votre enti\u00e8re disposition. 05 42 48 79 31 contact@redactiondz.com Ighzer Amokrane, B\u00e9ja\u00efa 06231<\/p>\n","protected":false},"author":1,"featured_media":0,"parent":0,"menu_order":0,"comment_status":"closed","ping_status":"closed","template":"","meta":{"site-sidebar-layout":"no-sidebar","site-content-layout":"page-builder","ast-global-header-display":"","ast-main-header-display":"","ast-hfb-above-header-display":"","ast-hfb-below-header-display":"","ast-hfb-mobile-header-display":"","site-post-title":"disabled","ast-breadcrumbs-content":"","ast-featured-img":"disabled","footer-sml-layout":"","theme-transparent-header-meta":"default","adv-header-id-meta":"","stick-header-meta":"","header-above-stick-meta":"","header-main-stick-meta":"","header-below-stick-meta":""},"_links":{"self":[{"href":"https:\/\/redactiondz.com\/fr\/wp-json\/wp\/v2\/pages\/961"}],"collection":[{"href":"https:\/\/redactiondz.com\/fr\/wp-json\/wp\/v2\/pages"}],"about":[{"href":"https:\/\/redactiondz.com\/fr\/wp-json\/wp\/v2\/types\/page"}],"author":[{"embeddable":true,"href":"https:\/\/redactiondz.com\/fr\/wp-json\/wp\/v2\/users\/1"}],"replies":[{"embeddable":true,"href":"https:\/\/redactiondz.com\/fr\/wp-json\/wp\/v2\/comments?post=961"}],"version-history":[{"count":5,"href":"https:\/\/redactiondz.com\/fr\/wp-json\/wp\/v2\/pages\/961\/revisions"}],"predecessor-version":[{"id":1066,"href":"https:\/\/redactiondz.com\/fr\/wp-json\/wp\/v2\/pages\/961\/revisions\/1066"}],"wp:attachment":[{"href":"https:\/\/redactiondz.com\/fr\/wp-json\/wp\/v2\/media?parent=961"}],"curies":[{"name":"wp","href":"https:\/\/api.w.org\/{rel}","templated":true}]}}